{"id":344,"date":"2023-03-03T01:35:37","date_gmt":"2023-03-03T01:35:37","guid":{"rendered":"http:\/\/webajape.test\/?page_id=344"},"modified":"2024-06-15T09:06:40","modified_gmt":"2024-06-15T09:06:40","slug":"publicaciones-academicas","status":"publish","type":"page","link":"https:\/\/ajape.org\/es\/publicaciones\/publicaciones-academicas\/","title":{"rendered":"Publicaciones Acad\u00e9micas"},"content":{"rendered":"\t\t<div data-elementor-type=\"wp-page\" data-elementor-id=\"344\" class=\"elementor elementor-344\">\n\t\t\t\t\t\t\t\t\t<section class=\"elementor-section elementor-top-section elementor-element elementor-element-da1b988 elementor-reverse-tablet elementor-reverse-mobile elementor-section-boxed elementor-section-height-default elementor-section-height-default\" data-id=\"da1b988\" data-element_type=\"section\">\n\t\t\t\t\t\t<div class=\"elementor-container elementor-column-gap-default\">\n\t\t\t\t\t<div class=\"elementor-column elementor-col-33 elementor-top-column elementor-element elementor-element-aa2e9b3\" data-id=\"aa2e9b3\" data-element_type=\"column\">\n\t\t\t<div class=\"elementor-widget-wrap elementor-element-populated\">\n\t\t\t\t\t\t\t\t<div class=\"elementor-element elementor-element-0cb90aa elementor-widget elementor-widget-template\" data-id=\"0cb90aa\" data-element_type=\"widget\" data-widget_type=\"template.default\">\n\t\t\t\t<div class=\"elementor-widget-container\">\n\t\t\t\t\t<div class=\"elementor-template\">\n\t\t\t\t\t<div data-elementor-type=\"section\" data-elementor-id=\"105\" class=\"elementor elementor-105\">\n\t\t\t\t\t\t\t\t<section class=\"elementor-section elementor-top-section elementor-element elementor-element-502dfab elementor-section-boxed elementor-section-height-default elementor-section-height-default\" data-id=\"502dfab\" data-element_type=\"section\">\n\t\t\t\t\t\t<div class=\"elementor-container elementor-column-gap-default\">\n\t\t\t\t\t<div class=\"elementor-column elementor-col-100 elementor-top-column elementor-element elementor-element-f1f981f\" data-id=\"f1f981f\" data-element_type=\"column\">\n\t\t\t<div class=\"elementor-widget-wrap elementor-element-populated\">\n\t\t\t\t\t\t\t\t<div class=\"elementor-element elementor-element-628f6e9 elementor-widget elementor-widget-heading\" data-id=\"628f6e9\" data-element_type=\"widget\" data-widget_type=\"heading.default\">\n\t\t\t\t<div class=\"elementor-widget-container\">\n\t\t\t<style>\/*! elementor - v3.11.2 - 22-02-2023 *\/\n.elementor-heading-title{padding:0;margin:0;line-height:1}.elementor-widget-heading .elementor-heading-title[class*=elementor-size-]>a{color:inherit;font-size:inherit;line-height:inherit}.elementor-widget-heading .elementor-heading-title.elementor-size-small{font-size:15px}.elementor-widget-heading .elementor-heading-title.elementor-size-medium{font-size:19px}.elementor-widget-heading .elementor-heading-title.elementor-size-large{font-size:29px}.elementor-widget-heading .elementor-heading-title.elementor-size-xl{font-size:39px}.elementor-widget-heading .elementor-heading-title.elementor-size-xxl{font-size:59px}<\/style><h2 class=\"elementor-heading-title elementor-size-default\">Actividades destacadas<\/h2>\t\t<\/div>\n\t\t\t\t<\/div>\n\t\t\t\t<div class=\"elementor-element elementor-element-6dd4316 elementor-position-top elementor-vertical-align-top elementor-widget elementor-widget-image-box\" data-id=\"6dd4316\" data-element_type=\"widget\" data-widget_type=\"image-box.default\">\n\t\t\t\t<div class=\"elementor-widget-container\">\n\t\t\t<style>\/*! elementor - v3.11.2 - 22-02-2023 *\/\n.elementor-widget-image-box .elementor-image-box-content{width:100%}@media (min-width:768px){.elementor-widget-image-box.elementor-position-left .elementor-image-box-wrapper,.elementor-widget-image-box.elementor-position-right .elementor-image-box-wrapper{display:flex}.elementor-widget-image-box.elementor-position-right .elementor-image-box-wrapper{text-align:right;flex-direction:row-reverse}.elementor-widget-image-box.elementor-position-left .elementor-image-box-wrapper{text-align:left;flex-direction:row}.elementor-widget-image-box.elementor-position-top .elementor-image-box-img{margin:auto}.elementor-widget-image-box.elementor-vertical-align-top .elementor-image-box-wrapper{align-items:flex-start}.elementor-widget-image-box.elementor-vertical-align-middle .elementor-image-box-wrapper{align-items:center}.elementor-widget-image-box.elementor-vertical-align-bottom .elementor-image-box-wrapper{align-items:flex-end}}@media (max-width:767px){.elementor-widget-image-box .elementor-image-box-img{margin-left:auto!important;margin-right:auto!important;margin-bottom:15px}}.elementor-widget-image-box .elementor-image-box-img{display:inline-block}.elementor-widget-image-box .elementor-image-box-title a{color:inherit}.elementor-widget-image-box .elementor-image-box-wrapper{text-align:center}.elementor-widget-image-box .elementor-image-box-description{margin:0}<\/style><div class=\"elementor-image-box-wrapper\"><figure class=\"elementor-image-box-img\"><a href=\"https:\/\/ajape.org\/es\/clase-de-espanol-como-lengua-patrimonial-en-yamato-shi\/\" target=\"_blank\"><img loading=\"lazy\" decoding=\"async\" width=\"282\" height=\"280\" src=\"https:\/\/i0.wp.com\/ajape.org\/es\/wp-content\/uploads\/2023\/02\/act-1.jpg?fit=282%2C280&amp;ssl=1\" class=\"attachment-full size-full wp-image-1228\" alt=\"\" srcset=\"https:\/\/i0.wp.com\/ajape.org\/es\/wp-content\/uploads\/2023\/02\/act-1.jpg?w=282&amp;ssl=1 282w, https:\/\/i0.wp.com\/ajape.org\/es\/wp-content\/uploads\/2023\/02\/act-1.jpg?resize=150%2C150&amp;ssl=1 150w\" sizes=\"auto, (max-width: 282px) 100vw, 282px\" \/><\/a><\/figure><div class=\"elementor-image-box-content\"><h3 class=\"elementor-image-box-title\"><a href=\"https:\/\/ajape.org\/es\/clase-de-espanol-como-lengua-patrimonial-en-yamato-shi\/\" target=\"_blank\">Clase de espa\u00f1ol como lengua de herencia en Yamato-Shi<\/a><\/h3><\/div><\/div>\t\t<\/div>\n\t\t\t\t<\/div>\n\t\t\t\t<div class=\"elementor-element elementor-element-a6b6aea elementor-position-top elementor-vertical-align-top elementor-widget elementor-widget-image-box\" data-id=\"a6b6aea\" data-element_type=\"widget\" data-widget_type=\"image-box.default\">\n\t\t\t\t<div class=\"elementor-widget-container\">\n\t\t\t<div class=\"elementor-image-box-wrapper\"><figure class=\"elementor-image-box-img\"><a href=\"https:\/\/ajape.org\/es\/clases-de-apoyo-para-estudiantes-de-primaria-secundaria-y-koko\" target=\"_blank\"><img loading=\"lazy\" decoding=\"async\" width=\"282\" height=\"280\" src=\"https:\/\/i0.wp.com\/ajape.org\/es\/wp-content\/uploads\/2023\/02\/act-2.jpg?fit=282%2C280&amp;ssl=1\" class=\"attachment-medium size-medium wp-image-1229\" alt=\"\" srcset=\"https:\/\/i0.wp.com\/ajape.org\/es\/wp-content\/uploads\/2023\/02\/act-2.jpg?w=282&amp;ssl=1 282w, https:\/\/i0.wp.com\/ajape.org\/es\/wp-content\/uploads\/2023\/02\/act-2.jpg?resize=150%2C150&amp;ssl=1 150w\" sizes=\"auto, (max-width: 282px) 100vw, 282px\" \/><\/a><\/figure><div class=\"elementor-image-box-content\"><h3 class=\"elementor-image-box-title\"><a href=\"https:\/\/ajape.org\/es\/clases-de-apoyo-para-estudiantes-de-primaria-secundaria-y-koko\" target=\"_blank\">Clase de apoyo escolar en Machida-shi<\/a><\/h3><\/div><\/div>\t\t<\/div>\n\t\t\t\t<\/div>\n\t\t\t\t<div class=\"elementor-element elementor-element-5071e59 elementor-position-top elementor-vertical-align-top elementor-widget elementor-widget-image-box\" data-id=\"5071e59\" data-element_type=\"widget\" data-widget_type=\"image-box.default\">\n\t\t\t\t<div class=\"elementor-widget-container\">\n\t\t\t<div class=\"elementor-image-box-wrapper\"><figure class=\"elementor-image-box-img\"><a href=\"https:\/\/ajape.org\/es\/wp-content\/uploads\/2023\/08\/%E3%83%95%E3%82%A1%E3%82%A4%E3%83%AB-2023.07.31-2.pdf\" target=\"_blank\"><img loading=\"lazy\" decoding=\"async\" width=\"282\" height=\"280\" src=\"https:\/\/i0.wp.com\/ajape.org\/es\/wp-content\/uploads\/2023\/02\/act-1.jpg?fit=282%2C280&amp;ssl=1\" class=\"attachment-full size-full wp-image-1228\" alt=\"\" srcset=\"https:\/\/i0.wp.com\/ajape.org\/es\/wp-content\/uploads\/2023\/02\/act-1.jpg?w=282&amp;ssl=1 282w, https:\/\/i0.wp.com\/ajape.org\/es\/wp-content\/uploads\/2023\/02\/act-1.jpg?resize=150%2C150&amp;ssl=1 150w\" sizes=\"auto, (max-width: 282px) 100vw, 282px\" \/><\/a><\/figure><div class=\"elementor-image-box-content\"><h3 class=\"elementor-image-box-title\"><a href=\"https:\/\/ajape.org\/es\/wp-content\/uploads\/2023\/08\/%E3%83%95%E3%82%A1%E3%82%A4%E3%83%AB-2023.07.31-2.pdf\" target=\"_blank\">Apoyo para las tareas de vacaciones de verano<\/a><\/h3><\/div><\/div>\t\t<\/div>\n\t\t\t\t<\/div>\n\t\t\t\t\t<\/div>\n\t\t<\/div>\n\t\t\t\t\t\t\t<\/div>\n\t\t<\/section>\n\t\t\t\t\t\t<\/div>\n\t\t\t\t<\/div>\n\t\t\t\t<\/div>\n\t\t\t\t<\/div>\n\t\t\t\t\t<\/div>\n\t\t<\/div>\n\t\t\t\t<div class=\"elementor-column elementor-col-66 elementor-top-column elementor-element elementor-element-d0817e4\" data-id=\"d0817e4\" data-element_type=\"column\">\n\t\t\t<div class=\"elementor-widget-wrap elementor-element-populated\">\n\t\t\t\t\t\t\t\t<div class=\"elementor-element elementor-element-1092b45 elementor-widget elementor-widget-heading\" data-id=\"1092b45\" data-element_type=\"widget\" data-widget_type=\"heading.default\">\n\t\t\t\t<div class=\"elementor-widget-container\">\n\t\t\t<h2 class=\"elementor-heading-title elementor-size-default\">Publicaciones acad\u00e9micas<\/h2>\t\t<\/div>\n\t\t\t\t<\/div>\n\t\t\t\t<div class=\"elementor-element elementor-element-0454267 elementor-widget elementor-widget-heading\" data-id=\"0454267\" data-element_type=\"widget\" data-widget_type=\"heading.default\">\n\t\t\t\t<div class=\"elementor-widget-container\">\n\t\t\t<div class=\"elementor-heading-title elementor-size-default\">En esta secci\u00f3n compartimos la informaci\u00f3n de las publicaciones acad\u00e9micas hechas por nuestros miembros:<\/div>\t\t<\/div>\n\t\t\t\t<\/div>\n\t\t\t\t<div class=\"elementor-element elementor-element-d97b434 elementor-widget elementor-widget-text-editor\" data-id=\"d97b434\" data-element_type=\"widget\" data-widget_type=\"text-editor.default\">\n\t\t\t\t<div class=\"elementor-widget-container\">\n\t\t\t<style>\/*! elementor - v3.11.2 - 22-02-2023 *\/\n.elementor-widget-text-editor.elementor-drop-cap-view-stacked .elementor-drop-cap{background-color:#818a91;color:#fff}.elementor-widget-text-editor.elementor-drop-cap-view-framed .elementor-drop-cap{color:#818a91;border:3px solid;background-color:transparent}.elementor-widget-text-editor:not(.elementor-drop-cap-view-default) .elementor-drop-cap{margin-top:8px}.elementor-widget-text-editor:not(.elementor-drop-cap-view-default) .elementor-drop-cap-letter{width:1em;height:1em}.elementor-widget-text-editor .elementor-drop-cap{float:left;text-align:center;line-height:1;font-size:50px}.elementor-widget-text-editor .elementor-drop-cap-letter{display:inline-block}<\/style>\t\t\t\t<p><strong>\u30cf\u30a4\u30e1\u30fb\u30bf\u30ab\u30b7\u30fb\u30bf\u30ab\u30cf\u30b7\u3001\u30a8\u30c9\u30a5\u30a2\u30eb\u30c8\u30fb\u30a2\u30b5\u30c8\u3001\u6a0b\u53e3\u76f4\u4eba\u3001\u5c0f\u6ce2\u6d25\u30db\u30bb\u3001\u30aa\u30c1\u30e3\u30f3\u30c6\u30fb\u6751\u4e95\u30fb\u30ed\u30b5\u30fb\u30e1\u30eb\u30bb\u30c7\u30b9\u3001\u7a32\u8449\u5948\u3005\u5b50\u3001\u30aa\u30c1\u30e3\u30f3\u30c6\u30fb\u30ab\u30eb\u30ed\u30b9(2024)<\/strong> \u300e\u30da\u30eb\u30fc\u304b\u3089\u65e5\u672c\u3078\u306e\u30c7\u30ab\u30bb\u30ae30\u5e74\u53f2\u300f\u3001\u682a\u5f0f\u4f1a\u793e\u30a4\u30f3\u30d1\u30af\u30c8\u51fa\u7248\u4f1a\u3002<br \/><br \/><strong>\u5c0f\u6ce2\u6d25\u30db\u30bb(2024) <\/strong>\u300c\u4e16\u4ee3\u9593\u304c\u95a2\u308f\u308a\u5408\u3046\u5834\u2015\u30da\u30eb\u30fc\u4eba\u30a2\u30bd\u30b7\u30a8\u30fc\u30b7\u30e7\u30f3K\u306e\u6d3b\u52d5\u3092\u4e8b\u4f8b\u306b\u300d<strong>\u300e<\/strong>\u79fb\u6c11\u7814\u7a76\u5e74\u5831<strong>\u300f<\/strong>\u7b2c30\u53f7\u300123-35\u9801\u3002<strong><br \/><br \/>\u5c0f\u6ce2\u6d25\u30db\u30bb(2023)<\/strong>\u300c\u79fb\u6c11\u306e\u5b50\u3069\u3082\u306b\u6c42\u3081\u3089\u308c\u308b\u591a\u69d8\u306a\u5b66\u3073\u306e\u5834\u2015\u2015\u30da\u30eb\u30fc\u4eba\u79fb\u6c11\u56e3\u4f53\u3092\u4e8b\u4f8b\u306b\u300d\u300e\u5916\u56fd\u4eba\u751f\u5f92\u306e\u5b66\u3073\u306e\u5834\u2015\u2015\u591a\u69d8\u306a\u5b66\u3073\u306e\u5834\u306b\u6ce8\u76ee\u3057\u3066\u300f\u56fd\u969b\u5b66\u53e2\u66f8\u300195-111\u9801\u3002<\/p><p><strong>\u9ad8\u6a4b\u60a6\u5b50(2017)<\/strong>\u300c\u5916\u56fd\u306b\u30eb\u30fc\u30c4\u3092\u3082\u3064\u5b50\u3069\u3082\u304c\u62b1\u3048\u308b\u6559\u80b2\u554f\u984c\u3068\u7d4c\u6e08\u72b6\u6cc1\u2014\u2014NPO\u6cd5\u4eba\u3068\u884c\u653f\u3068\u306e\u5354\u50cd\u4e8b\u696d\u304b\u3089\u300d\u300e\u767a\u9054\u300f151\u53f7\u300158-64\u9801\u3002<\/p><p><strong>\u77e2\u6ca2\u60a6\u5b50\u30fb\u9ad8\u6a4b\u60a6\u5b50(2015)<\/strong>\u300c\u5927\u548c\u30d7\u30ec\u30b9\u30af\u30fc\u30eb\u300e\u306b\u307b\u3093\u3054\u3072\u308d\u3070\u300f\u2014\u2015\u5c0f\u5b66\u6821\u5165\u5b66\u524d\u306e\u591a\u69d8\u306a\u8a00\u8a9e\u80cc\u666f\u3092\u6301\u3064\u5b50\u3069\u3082\u305f\u3061\u3078\u306e\u5c31\u5b66\u524d\u6559\u80b2\u30fb\u4fdd\u8b77\u8005\u652f\u63f4\u300d\u300e\u7570\u6587\u5316\u9593\u6559\u80b2\u300f\u7b2c41\u53f7\u300116-31\u9801\u3002<\/p><p><strong>\u77e2\u6ca2\u60a6\u5b50(2013)<\/strong>\u300c\u5927\u548c\u30d7\u30ec\u30b9\u30af\u30fc\u30eb\u300e\u306b\u307b\u3093\u3054\u3072\u308d\u3070\u300f\u3067\u306e\u53d6\u308a\u7d44\u307f\u2014\u2015\u65e5\u672c\u8a9e\u3068\u6bcd\u8a9e(\u7d99\u627f\u8a9e)\u306e\u30a2\u30eb\u30d0\u3001\u3044\u308d\u3044\u308d\u306a\u300e\u7570\u300f\u3068\u5171\u751f\u3059\u308b\u5834\u3067\u5b50\u3069\u3082\u305f\u3061\u3068\u300d\u300e\u3044\u307ex\u30b3\u30b3\u300f\u5275\u520a\u53f7\u300146-50\u9801\u3002<\/p>\t\t\t\t\t\t<\/div>\n\t\t\t\t<\/div>\n\t\t\t\t<div class=\"elementor-element elementor-element-855f09d elementor-widget elementor-widget-spacer\" data-id=\"855f09d\" data-element_type=\"widget\" data-widget_type=\"spacer.default\">\n\t\t\t\t<div class=\"elementor-widget-container\">\n\t\t\t<style>\/*! elementor - v3.11.2 - 22-02-2023 *\/\n.elementor-column .elementor-spacer-inner{height:var(--spacer-size)}.e-con{--container-widget-width:100%}.e-con-inner>.elementor-widget-spacer,.e-con>.elementor-widget-spacer{width:var(--container-widget-width,var(--spacer-size));--align-self:var(--container-widget-align-self,initial);--flex-shrink:0}.e-con-inner>.elementor-widget-spacer>.elementor-widget-container,.e-con-inner>.elementor-widget-spacer>.elementor-widget-container>.elementor-spacer,.e-con>.elementor-widget-spacer>.elementor-widget-container,.e-con>.elementor-widget-spacer>.elementor-widget-container>.elementor-spacer{height:100%}.e-con-inner>.elementor-widget-spacer>.elementor-widget-container>.elementor-spacer>.elementor-spacer-inner,.e-con>.elementor-widget-spacer>.elementor-widget-container>.elementor-spacer>.elementor-spacer-inner{height:var(--container-widget-height,var(--spacer-size))}<\/style>\t\t<div class=\"elementor-spacer\">\n\t\t\t<div class=\"elementor-spacer-inner\"><\/div>\n\t\t<\/div>\n\t\t\t\t<\/div>\n\t\t\t\t<\/div>\n\t\t\t\t\t<\/div>\n\t\t<\/div>\n\t\t\t\t\t\t\t<\/div>\n\t\t<\/section>\n\t\t\t\t\t\t\t<\/div>\n\t\t","protected":false},"excerpt":{"rendered":"<p>Publicaciones acad\u00e9micas En esta secci\u00f3n compartimos la informaci\u00f3n de las publicaciones acad\u00e9micas hechas por &#8230; <a title=\"Publicaciones Acad\u00e9micas\" class=\"read-more\" href=\"https:\/\/ajape.org\/es\/publicaciones\/publicaciones-academicas\/\" aria-label=\"Read more about Publicaciones Acad\u00e9micas\">\u7d9a\u304d\u3092\u8aad\u3080<\/a><\/p>\n","protected":false},"author":1,"featured_media":0,"parent":30,"menu_order":0,"comment_status":"closed","ping_status":"closed","template":"","meta":{"om_disable_all_campaigns":false,"_monsterinsights_skip_tracking":false,"_monsterinsights_sitenote_active":false,"_monsterinsights_sitenote_note":"","_monsterinsights_sitenote_category":0,"footnotes":""},"class_list":["post-344","page","type-page","status-publish"],"aioseo_notices":[],"_links":{"self":[{"href":"https:\/\/ajape.org\/es\/wp-json\/wp\/v2\/pages\/344","targetHints":{"allow":["GET"]}}],"collection":[{"href":"https:\/\/ajape.org\/es\/wp-json\/wp\/v2\/pages"}],"about":[{"href":"https:\/\/ajape.org\/es\/wp-json\/wp\/v2\/types\/page"}],"author":[{"embeddable":true,"href":"https:\/\/ajape.org\/es\/wp-json\/wp\/v2\/users\/1"}],"replies":[{"embeddable":true,"href":"https:\/\/ajape.org\/es\/wp-json\/wp\/v2\/comments?post=344"}],"version-history":[{"count":7,"href":"https:\/\/ajape.org\/es\/wp-json\/wp\/v2\/pages\/344\/revisions"}],"predecessor-version":[{"id":2136,"href":"https:\/\/ajape.org\/es\/wp-json\/wp\/v2\/pages\/344\/revisions\/2136"}],"up":[{"embeddable":true,"href":"https:\/\/ajape.org\/es\/wp-json\/wp\/v2\/pages\/30"}],"wp:attachment":[{"href":"https:\/\/ajape.org\/es\/wp-json\/wp\/v2\/media?parent=344"}],"curies":[{"name":"wp","href":"https:\/\/api.w.org\/{rel}","templated":true}]}}