{"id":287,"date":"2023-02-28T01:11:35","date_gmt":"2023-02-28T01:11:35","guid":{"rendered":"http:\/\/webajape.test\/?page_id=287"},"modified":"2025-11-15T08:00:27","modified_gmt":"2025-11-15T08:00:27","slug":"ser-asociado","status":"publish","type":"page","link":"https:\/\/ajape.org\/es\/quienes-somos\/ser-asociado\/","title":{"rendered":"Ser Asociado"},"content":{"rendered":"\t\t<div data-elementor-type=\"wp-page\" data-elementor-id=\"287\" class=\"elementor elementor-287\">\n\t\t\t\t\t\t\t\t\t<section class=\"elementor-section elementor-top-section elementor-element elementor-element-543aab7 elementor-reverse-tablet elementor-reverse-mobile elementor-section-boxed elementor-section-height-default elementor-section-height-default\" data-id=\"543aab7\" data-element_type=\"section\">\n\t\t\t\t\t\t<div class=\"elementor-container elementor-column-gap-default\">\n\t\t\t\t\t<div class=\"elementor-column elementor-col-33 elementor-top-column elementor-element elementor-element-b2dec03\" data-id=\"b2dec03\" data-element_type=\"column\">\n\t\t\t<div class=\"elementor-widget-wrap elementor-element-populated\">\n\t\t\t\t\t\t\t\t<div class=\"elementor-element elementor-element-a722470 elementor-widget elementor-widget-template\" data-id=\"a722470\" data-element_type=\"widget\" data-widget_type=\"template.default\">\n\t\t\t\t<div class=\"elementor-widget-container\">\n\t\t\t\t\t<div class=\"elementor-template\">\n\t\t\t\t\t<div data-elementor-type=\"section\" data-elementor-id=\"105\" class=\"elementor elementor-105\">\n\t\t\t\t\t\t\t\t<section class=\"elementor-section elementor-top-section elementor-element elementor-element-502dfab elementor-section-boxed elementor-section-height-default elementor-section-height-default\" data-id=\"502dfab\" data-element_type=\"section\">\n\t\t\t\t\t\t<div class=\"elementor-container elementor-column-gap-default\">\n\t\t\t\t\t<div class=\"elementor-column elementor-col-100 elementor-top-column elementor-element elementor-element-f1f981f\" data-id=\"f1f981f\" data-element_type=\"column\">\n\t\t\t<div class=\"elementor-widget-wrap elementor-element-populated\">\n\t\t\t\t\t\t\t\t<div class=\"elementor-element elementor-element-628f6e9 elementor-widget elementor-widget-heading\" data-id=\"628f6e9\" data-element_type=\"widget\" data-widget_type=\"heading.default\">\n\t\t\t\t<div class=\"elementor-widget-container\">\n\t\t\t<style>\/*! elementor - v3.11.2 - 22-02-2023 *\/\n.elementor-heading-title{padding:0;margin:0;line-height:1}.elementor-widget-heading .elementor-heading-title[class*=elementor-size-]>a{color:inherit;font-size:inherit;line-height:inherit}.elementor-widget-heading .elementor-heading-title.elementor-size-small{font-size:15px}.elementor-widget-heading .elementor-heading-title.elementor-size-medium{font-size:19px}.elementor-widget-heading .elementor-heading-title.elementor-size-large{font-size:29px}.elementor-widget-heading .elementor-heading-title.elementor-size-xl{font-size:39px}.elementor-widget-heading .elementor-heading-title.elementor-size-xxl{font-size:59px}<\/style><h2 class=\"elementor-heading-title elementor-size-default\">Actividades destacadas<\/h2>\t\t<\/div>\n\t\t\t\t<\/div>\n\t\t\t\t<div class=\"elementor-element elementor-element-6dd4316 elementor-position-top elementor-vertical-align-top elementor-widget elementor-widget-image-box\" data-id=\"6dd4316\" data-element_type=\"widget\" data-widget_type=\"image-box.default\">\n\t\t\t\t<div class=\"elementor-widget-container\">\n\t\t\t<style>\/*! elementor - v3.11.2 - 22-02-2023 *\/\n.elementor-widget-image-box .elementor-image-box-content{width:100%}@media (min-width:768px){.elementor-widget-image-box.elementor-position-left .elementor-image-box-wrapper,.elementor-widget-image-box.elementor-position-right .elementor-image-box-wrapper{display:flex}.elementor-widget-image-box.elementor-position-right .elementor-image-box-wrapper{text-align:right;flex-direction:row-reverse}.elementor-widget-image-box.elementor-position-left .elementor-image-box-wrapper{text-align:left;flex-direction:row}.elementor-widget-image-box.elementor-position-top .elementor-image-box-img{margin:auto}.elementor-widget-image-box.elementor-vertical-align-top .elementor-image-box-wrapper{align-items:flex-start}.elementor-widget-image-box.elementor-vertical-align-middle .elementor-image-box-wrapper{align-items:center}.elementor-widget-image-box.elementor-vertical-align-bottom .elementor-image-box-wrapper{align-items:flex-end}}@media (max-width:767px){.elementor-widget-image-box .elementor-image-box-img{margin-left:auto!important;margin-right:auto!important;margin-bottom:15px}}.elementor-widget-image-box .elementor-image-box-img{display:inline-block}.elementor-widget-image-box .elementor-image-box-title a{color:inherit}.elementor-widget-image-box .elementor-image-box-wrapper{text-align:center}.elementor-widget-image-box .elementor-image-box-description{margin:0}<\/style><div class=\"elementor-image-box-wrapper\"><figure class=\"elementor-image-box-img\"><a href=\"https:\/\/ajape.org\/es\/clase-de-espanol-como-lengua-patrimonial-en-yamato-shi\/\" target=\"_blank\"><img loading=\"lazy\" decoding=\"async\" width=\"282\" height=\"280\" src=\"https:\/\/i0.wp.com\/ajape.org\/es\/wp-content\/uploads\/2023\/02\/act-1.jpg?fit=282%2C280&amp;ssl=1\" class=\"attachment-full size-full wp-image-1228\" alt=\"\" srcset=\"https:\/\/i0.wp.com\/ajape.org\/es\/wp-content\/uploads\/2023\/02\/act-1.jpg?w=282&amp;ssl=1 282w, https:\/\/i0.wp.com\/ajape.org\/es\/wp-content\/uploads\/2023\/02\/act-1.jpg?resize=150%2C150&amp;ssl=1 150w\" sizes=\"auto, (max-width: 282px) 100vw, 282px\" \/><\/a><\/figure><div class=\"elementor-image-box-content\"><h3 class=\"elementor-image-box-title\"><a href=\"https:\/\/ajape.org\/es\/clase-de-espanol-como-lengua-patrimonial-en-yamato-shi\/\" target=\"_blank\">Clase de espa\u00f1ol como lengua de herencia en Yamato-Shi<\/a><\/h3><\/div><\/div>\t\t<\/div>\n\t\t\t\t<\/div>\n\t\t\t\t<div class=\"elementor-element elementor-element-a6b6aea elementor-position-top elementor-vertical-align-top elementor-widget elementor-widget-image-box\" data-id=\"a6b6aea\" data-element_type=\"widget\" data-widget_type=\"image-box.default\">\n\t\t\t\t<div class=\"elementor-widget-container\">\n\t\t\t<div class=\"elementor-image-box-wrapper\"><figure class=\"elementor-image-box-img\"><a href=\"https:\/\/ajape.org\/es\/clases-de-apoyo-para-estudiantes-de-primaria-secundaria-y-koko\" target=\"_blank\"><img loading=\"lazy\" decoding=\"async\" width=\"282\" height=\"280\" src=\"https:\/\/i0.wp.com\/ajape.org\/es\/wp-content\/uploads\/2023\/02\/act-2.jpg?fit=282%2C280&amp;ssl=1\" class=\"attachment-medium size-medium wp-image-1229\" alt=\"\" srcset=\"https:\/\/i0.wp.com\/ajape.org\/es\/wp-content\/uploads\/2023\/02\/act-2.jpg?w=282&amp;ssl=1 282w, https:\/\/i0.wp.com\/ajape.org\/es\/wp-content\/uploads\/2023\/02\/act-2.jpg?resize=150%2C150&amp;ssl=1 150w\" sizes=\"auto, (max-width: 282px) 100vw, 282px\" \/><\/a><\/figure><div class=\"elementor-image-box-content\"><h3 class=\"elementor-image-box-title\"><a href=\"https:\/\/ajape.org\/es\/clases-de-apoyo-para-estudiantes-de-primaria-secundaria-y-koko\" target=\"_blank\">Clase de apoyo escolar en Machida-shi<\/a><\/h3><\/div><\/div>\t\t<\/div>\n\t\t\t\t<\/div>\n\t\t\t\t<div class=\"elementor-element elementor-element-5071e59 elementor-position-top elementor-vertical-align-top elementor-widget elementor-widget-image-box\" data-id=\"5071e59\" data-element_type=\"widget\" data-widget_type=\"image-box.default\">\n\t\t\t\t<div class=\"elementor-widget-container\">\n\t\t\t<div class=\"elementor-image-box-wrapper\"><figure class=\"elementor-image-box-img\"><a href=\"https:\/\/ajape.org\/es\/wp-content\/uploads\/2023\/08\/%E3%83%95%E3%82%A1%E3%82%A4%E3%83%AB-2023.07.31-2.pdf\" target=\"_blank\"><img loading=\"lazy\" decoding=\"async\" width=\"282\" height=\"280\" src=\"https:\/\/i0.wp.com\/ajape.org\/es\/wp-content\/uploads\/2023\/02\/act-1.jpg?fit=282%2C280&amp;ssl=1\" class=\"attachment-full size-full wp-image-1228\" alt=\"\" srcset=\"https:\/\/i0.wp.com\/ajape.org\/es\/wp-content\/uploads\/2023\/02\/act-1.jpg?w=282&amp;ssl=1 282w, https:\/\/i0.wp.com\/ajape.org\/es\/wp-content\/uploads\/2023\/02\/act-1.jpg?resize=150%2C150&amp;ssl=1 150w\" sizes=\"auto, (max-width: 282px) 100vw, 282px\" \/><\/a><\/figure><div class=\"elementor-image-box-content\"><h3 class=\"elementor-image-box-title\"><a href=\"https:\/\/ajape.org\/es\/wp-content\/uploads\/2023\/08\/%E3%83%95%E3%82%A1%E3%82%A4%E3%83%AB-2023.07.31-2.pdf\" target=\"_blank\">Apoyo para las tareas de vacaciones de verano<\/a><\/h3><\/div><\/div>\t\t<\/div>\n\t\t\t\t<\/div>\n\t\t\t\t\t<\/div>\n\t\t<\/div>\n\t\t\t\t\t\t\t<\/div>\n\t\t<\/section>\n\t\t\t\t\t\t<\/div>\n\t\t\t\t<\/div>\n\t\t\t\t<\/div>\n\t\t\t\t<\/div>\n\t\t\t\t\t<\/div>\n\t\t<\/div>\n\t\t\t\t<div class=\"elementor-column elementor-col-66 elementor-top-column elementor-element elementor-element-160397d\" data-id=\"160397d\" data-element_type=\"column\">\n\t\t\t<div class=\"elementor-widget-wrap elementor-element-populated\">\n\t\t\t\t\t\t\t\t<div class=\"elementor-element elementor-element-fa8f991 elementor-widget elementor-widget-heading\" data-id=\"fa8f991\" data-element_type=\"widget\" data-widget_type=\"heading.default\">\n\t\t\t\t<div class=\"elementor-widget-container\">\n\t\t\t<h2 class=\"elementor-heading-title elementor-size-default\">ser asociado<\/h2>\t\t<\/div>\n\t\t\t\t<\/div>\n\t\t\t\t<div class=\"elementor-element elementor-element-d00dcbb elementor-widget elementor-widget-text-editor\" data-id=\"d00dcbb\" data-element_type=\"widget\" data-widget_type=\"text-editor.default\">\n\t\t\t\t<div class=\"elementor-widget-container\">\n\t\t\t<style>\/*! elementor - v3.11.2 - 22-02-2023 *\/\n.elementor-widget-text-editor.elementor-drop-cap-view-stacked .elementor-drop-cap{background-color:#818a91;color:#fff}.elementor-widget-text-editor.elementor-drop-cap-view-framed .elementor-drop-cap{color:#818a91;border:3px solid;background-color:transparent}.elementor-widget-text-editor:not(.elementor-drop-cap-view-default) .elementor-drop-cap{margin-top:8px}.elementor-widget-text-editor:not(.elementor-drop-cap-view-default) .elementor-drop-cap-letter{width:1em;height:1em}.elementor-widget-text-editor .elementor-drop-cap{float:left;text-align:center;line-height:1;font-size:50px}.elementor-widget-text-editor .elementor-drop-cap-letter{display:inline-block}<\/style>\t\t\t\t<p>El miembro oficial tiene voto de derecho en la junta. Por otro lado, la separaci\u00f3n de nuestra Asociaci\u00f3n es voluntaria pero el importe de inscripci\u00f3n y cuota no ser\u00e1n devueltas seg\u00fan el estatuto n\u00famero 12 de la Asociaci\u00f3n.<\/p><p>Deseamos que se una a nuestra Asociaci\u00f3n.<\/p><p>Fecha de Inscripcion\uff1a\u3000<a href=\"https:\/\/ajape.org\/es\/wp-content\/uploads\/2025\/11\/AJAPE\u6771\u4eac-\u4f1a\u54e1\u7533\u8fbc\u66f8.pdf\">AJAPE Tokyo<\/a>\u3000<a href=\"https:\/\/ajape.org\/es\/wp-content\/uploads\/2025\/11\/AJAPE\u795e\u5948\u5ddd-\u4f1a\u54e1\u7533\u8fbc\u66f8.pdf\">AJAPE Kanagawa<\/a><br \/><br \/><a href=\"https:\/\/ajape.org\/es\/wp-content\/uploads\/2025\/11\/AJAPE-Cuenta-Bancaria-de-Correo-AJAPE\u90f5\u4fbf\u5165\u91d1\u53e3\u5ea7.pdf\">Cuentas<\/a><\/p>\t\t\t\t\t\t<\/div>\n\t\t\t\t<\/div>\n\t\t\t\t\t<\/div>\n\t\t<\/div>\n\t\t\t\t\t\t\t<\/div>\n\t\t<\/section>\n\t\t\t\t\t\t\t<\/div>\n\t\t","protected":false},"excerpt":{"rendered":"<p>ser asociado El miembro oficial tiene voto de derecho en la junta. Por otro lado, la separaci\u00f3n de nuestra Aso &#8230; <a title=\"Ser Asociado\" class=\"read-more\" href=\"https:\/\/ajape.org\/es\/quienes-somos\/ser-asociado\/\" aria-label=\"Read more about Ser Asociado\">\u7d9a\u304d\u3092\u8aad\u3080<\/a><\/p>\n","protected":false},"author":1,"featured_media":0,"parent":339,"menu_order":0,"comment_status":"closed","ping_status":"closed","template":"","meta":{"om_disable_all_campaigns":false,"_monsterinsights_skip_tracking":false,"_monsterinsights_sitenote_active":false,"_monsterinsights_sitenote_note":"","_monsterinsights_sitenote_category":0,"footnotes":""},"class_list":["post-287","page","type-page","status-publish"],"aioseo_notices":[],"_links":{"self":[{"href":"https:\/\/ajape.org\/es\/wp-json\/wp\/v2\/pages\/287","targetHints":{"allow":["GET"]}}],"collection":[{"href":"https:\/\/ajape.org\/es\/wp-json\/wp\/v2\/pages"}],"about":[{"href":"https:\/\/ajape.org\/es\/wp-json\/wp\/v2\/types\/page"}],"author":[{"embeddable":true,"href":"https:\/\/ajape.org\/es\/wp-json\/wp\/v2\/users\/1"}],"replies":[{"embeddable":true,"href":"https:\/\/ajape.org\/es\/wp-json\/wp\/v2\/comments?post=287"}],"version-history":[{"count":4,"href":"https:\/\/ajape.org\/es\/wp-json\/wp\/v2\/pages\/287\/revisions"}],"predecessor-version":[{"id":2392,"href":"https:\/\/ajape.org\/es\/wp-json\/wp\/v2\/pages\/287\/revisions\/2392"}],"up":[{"embeddable":true,"href":"https:\/\/ajape.org\/es\/wp-json\/wp\/v2\/pages\/339"}],"wp:attachment":[{"href":"https:\/\/ajape.org\/es\/wp-json\/wp\/v2\/media?parent=287"}],"curies":[{"name":"wp","href":"https:\/\/api.w.org\/{rel}","templated":true}]}}