{"id":274,"date":"2023-02-28T00:41:35","date_gmt":"2023-02-28T00:41:35","guid":{"rendered":"http:\/\/webajape.test\/?page_id=274"},"modified":"2024-06-11T12:36:34","modified_gmt":"2024-06-11T12:36:34","slug":"que-es-ajape","status":"publish","type":"page","link":"https:\/\/ajape.org\/es\/quienes-somos\/que-es-ajape\/","title":{"rendered":"Que es Ajape"},"content":{"rendered":"\t\t<div data-elementor-type=\"wp-page\" data-elementor-id=\"274\" class=\"elementor elementor-274\">\n\t\t\t\t\t\t\t\t\t<section class=\"elementor-section elementor-top-section elementor-element elementor-element-543aab7 elementor-reverse-tablet elementor-reverse-mobile elementor-section-boxed elementor-section-height-default elementor-section-height-default\" data-id=\"543aab7\" data-element_type=\"section\">\n\t\t\t\t\t\t<div class=\"elementor-container elementor-column-gap-default\">\n\t\t\t\t\t<div class=\"elementor-column elementor-col-33 elementor-top-column elementor-element elementor-element-b2dec03\" data-id=\"b2dec03\" data-element_type=\"column\">\n\t\t\t<div class=\"elementor-widget-wrap elementor-element-populated\">\n\t\t\t\t\t\t\t\t<div class=\"elementor-element elementor-element-a722470 elementor-widget elementor-widget-template\" data-id=\"a722470\" data-element_type=\"widget\" data-widget_type=\"template.default\">\n\t\t\t\t<div class=\"elementor-widget-container\">\n\t\t\t\t\t<div class=\"elementor-template\">\n\t\t\t\t\t<div data-elementor-type=\"section\" data-elementor-id=\"105\" class=\"elementor elementor-105\">\n\t\t\t\t\t\t\t\t<section class=\"elementor-section elementor-top-section elementor-element elementor-element-502dfab elementor-section-boxed elementor-section-height-default elementor-section-height-default\" data-id=\"502dfab\" data-element_type=\"section\">\n\t\t\t\t\t\t<div class=\"elementor-container elementor-column-gap-default\">\n\t\t\t\t\t<div class=\"elementor-column elementor-col-100 elementor-top-column elementor-element elementor-element-f1f981f\" data-id=\"f1f981f\" data-element_type=\"column\">\n\t\t\t<div class=\"elementor-widget-wrap elementor-element-populated\">\n\t\t\t\t\t\t\t\t<div class=\"elementor-element elementor-element-628f6e9 elementor-widget elementor-widget-heading\" data-id=\"628f6e9\" data-element_type=\"widget\" data-widget_type=\"heading.default\">\n\t\t\t\t<div class=\"elementor-widget-container\">\n\t\t\t<style>\/*! elementor - v3.11.2 - 22-02-2023 *\/\n.elementor-heading-title{padding:0;margin:0;line-height:1}.elementor-widget-heading .elementor-heading-title[class*=elementor-size-]>a{color:inherit;font-size:inherit;line-height:inherit}.elementor-widget-heading .elementor-heading-title.elementor-size-small{font-size:15px}.elementor-widget-heading .elementor-heading-title.elementor-size-medium{font-size:19px}.elementor-widget-heading .elementor-heading-title.elementor-size-large{font-size:29px}.elementor-widget-heading .elementor-heading-title.elementor-size-xl{font-size:39px}.elementor-widget-heading .elementor-heading-title.elementor-size-xxl{font-size:59px}<\/style><h2 class=\"elementor-heading-title elementor-size-default\">Actividades destacadas<\/h2>\t\t<\/div>\n\t\t\t\t<\/div>\n\t\t\t\t<div class=\"elementor-element elementor-element-6dd4316 elementor-position-top elementor-vertical-align-top elementor-widget elementor-widget-image-box\" data-id=\"6dd4316\" data-element_type=\"widget\" data-widget_type=\"image-box.default\">\n\t\t\t\t<div class=\"elementor-widget-container\">\n\t\t\t<style>\/*! elementor - v3.11.2 - 22-02-2023 *\/\n.elementor-widget-image-box .elementor-image-box-content{width:100%}@media (min-width:768px){.elementor-widget-image-box.elementor-position-left .elementor-image-box-wrapper,.elementor-widget-image-box.elementor-position-right .elementor-image-box-wrapper{display:flex}.elementor-widget-image-box.elementor-position-right .elementor-image-box-wrapper{text-align:right;flex-direction:row-reverse}.elementor-widget-image-box.elementor-position-left .elementor-image-box-wrapper{text-align:left;flex-direction:row}.elementor-widget-image-box.elementor-position-top .elementor-image-box-img{margin:auto}.elementor-widget-image-box.elementor-vertical-align-top .elementor-image-box-wrapper{align-items:flex-start}.elementor-widget-image-box.elementor-vertical-align-middle .elementor-image-box-wrapper{align-items:center}.elementor-widget-image-box.elementor-vertical-align-bottom .elementor-image-box-wrapper{align-items:flex-end}}@media (max-width:767px){.elementor-widget-image-box .elementor-image-box-img{margin-left:auto!important;margin-right:auto!important;margin-bottom:15px}}.elementor-widget-image-box .elementor-image-box-img{display:inline-block}.elementor-widget-image-box .elementor-image-box-title a{color:inherit}.elementor-widget-image-box .elementor-image-box-wrapper{text-align:center}.elementor-widget-image-box .elementor-image-box-description{margin:0}<\/style><div class=\"elementor-image-box-wrapper\"><figure class=\"elementor-image-box-img\"><a href=\"https:\/\/ajape.org\/es\/clase-de-espanol-como-lengua-patrimonial-en-yamato-shi\/\" target=\"_blank\"><img loading=\"lazy\" decoding=\"async\" width=\"282\" height=\"280\" src=\"https:\/\/i0.wp.com\/ajape.org\/es\/wp-content\/uploads\/2023\/02\/act-1.jpg?fit=282%2C280&amp;ssl=1\" class=\"attachment-full size-full wp-image-1228\" alt=\"\" srcset=\"https:\/\/i0.wp.com\/ajape.org\/es\/wp-content\/uploads\/2023\/02\/act-1.jpg?w=282&amp;ssl=1 282w, https:\/\/i0.wp.com\/ajape.org\/es\/wp-content\/uploads\/2023\/02\/act-1.jpg?resize=150%2C150&amp;ssl=1 150w\" sizes=\"auto, (max-width: 282px) 100vw, 282px\" \/><\/a><\/figure><div class=\"elementor-image-box-content\"><h3 class=\"elementor-image-box-title\"><a href=\"https:\/\/ajape.org\/es\/clase-de-espanol-como-lengua-patrimonial-en-yamato-shi\/\" target=\"_blank\">Clase de espa\u00f1ol como lengua de herencia en Yamato-Shi<\/a><\/h3><\/div><\/div>\t\t<\/div>\n\t\t\t\t<\/div>\n\t\t\t\t<div class=\"elementor-element elementor-element-a6b6aea elementor-position-top elementor-vertical-align-top elementor-widget elementor-widget-image-box\" data-id=\"a6b6aea\" data-element_type=\"widget\" data-widget_type=\"image-box.default\">\n\t\t\t\t<div class=\"elementor-widget-container\">\n\t\t\t<div class=\"elementor-image-box-wrapper\"><figure class=\"elementor-image-box-img\"><a href=\"https:\/\/ajape.org\/es\/clases-de-apoyo-para-estudiantes-de-primaria-secundaria-y-koko\" target=\"_blank\"><img loading=\"lazy\" decoding=\"async\" width=\"282\" height=\"280\" src=\"https:\/\/i0.wp.com\/ajape.org\/es\/wp-content\/uploads\/2023\/02\/act-2.jpg?fit=282%2C280&amp;ssl=1\" class=\"attachment-medium size-medium wp-image-1229\" alt=\"\" srcset=\"https:\/\/i0.wp.com\/ajape.org\/es\/wp-content\/uploads\/2023\/02\/act-2.jpg?w=282&amp;ssl=1 282w, https:\/\/i0.wp.com\/ajape.org\/es\/wp-content\/uploads\/2023\/02\/act-2.jpg?resize=150%2C150&amp;ssl=1 150w\" sizes=\"auto, (max-width: 282px) 100vw, 282px\" \/><\/a><\/figure><div class=\"elementor-image-box-content\"><h3 class=\"elementor-image-box-title\"><a href=\"https:\/\/ajape.org\/es\/clases-de-apoyo-para-estudiantes-de-primaria-secundaria-y-koko\" target=\"_blank\">Clase de apoyo escolar en Machida-shi<\/a><\/h3><\/div><\/div>\t\t<\/div>\n\t\t\t\t<\/div>\n\t\t\t\t<div class=\"elementor-element elementor-element-5071e59 elementor-position-top elementor-vertical-align-top elementor-widget elementor-widget-image-box\" data-id=\"5071e59\" data-element_type=\"widget\" data-widget_type=\"image-box.default\">\n\t\t\t\t<div class=\"elementor-widget-container\">\n\t\t\t<div class=\"elementor-image-box-wrapper\"><figure class=\"elementor-image-box-img\"><a href=\"https:\/\/ajape.org\/es\/wp-content\/uploads\/2023\/08\/%E3%83%95%E3%82%A1%E3%82%A4%E3%83%AB-2023.07.31-2.pdf\" target=\"_blank\"><img loading=\"lazy\" decoding=\"async\" width=\"282\" height=\"280\" src=\"https:\/\/i0.wp.com\/ajape.org\/es\/wp-content\/uploads\/2023\/02\/act-1.jpg?fit=282%2C280&amp;ssl=1\" class=\"attachment-full size-full wp-image-1228\" alt=\"\" srcset=\"https:\/\/i0.wp.com\/ajape.org\/es\/wp-content\/uploads\/2023\/02\/act-1.jpg?w=282&amp;ssl=1 282w, https:\/\/i0.wp.com\/ajape.org\/es\/wp-content\/uploads\/2023\/02\/act-1.jpg?resize=150%2C150&amp;ssl=1 150w\" sizes=\"auto, (max-width: 282px) 100vw, 282px\" \/><\/a><\/figure><div class=\"elementor-image-box-content\"><h3 class=\"elementor-image-box-title\"><a href=\"https:\/\/ajape.org\/es\/wp-content\/uploads\/2023\/08\/%E3%83%95%E3%82%A1%E3%82%A4%E3%83%AB-2023.07.31-2.pdf\" target=\"_blank\">Apoyo para las tareas de vacaciones de verano<\/a><\/h3><\/div><\/div>\t\t<\/div>\n\t\t\t\t<\/div>\n\t\t\t\t\t<\/div>\n\t\t<\/div>\n\t\t\t\t\t\t\t<\/div>\n\t\t<\/section>\n\t\t\t\t\t\t<\/div>\n\t\t\t\t<\/div>\n\t\t\t\t<\/div>\n\t\t\t\t<\/div>\n\t\t\t\t\t<\/div>\n\t\t<\/div>\n\t\t\t\t<div class=\"elementor-column elementor-col-66 elementor-top-column elementor-element elementor-element-160397d\" data-id=\"160397d\" data-element_type=\"column\">\n\t\t\t<div class=\"elementor-widget-wrap elementor-element-populated\">\n\t\t\t\t\t\t\t\t<div class=\"elementor-element elementor-element-fa8f991 elementor-widget elementor-widget-heading\" data-id=\"fa8f991\" data-element_type=\"widget\" data-widget_type=\"heading.default\">\n\t\t\t\t<div class=\"elementor-widget-container\">\n\t\t\t<h2 class=\"elementor-heading-title elementor-size-default\">Qu\u00e9 es y Qu\u00e9 hace AJAPE<\/h2>\t\t<\/div>\n\t\t\t\t<\/div>\n\t\t\t\t<div class=\"elementor-element elementor-element-d00dcbb elementor-widget elementor-widget-text-editor\" data-id=\"d00dcbb\" data-element_type=\"widget\" data-widget_type=\"text-editor.default\">\n\t\t\t\t<div class=\"elementor-widget-container\">\n\t\t\t<style>\/*! elementor - v3.11.2 - 22-02-2023 *\/\n.elementor-widget-text-editor.elementor-drop-cap-view-stacked .elementor-drop-cap{background-color:#818a91;color:#fff}.elementor-widget-text-editor.elementor-drop-cap-view-framed .elementor-drop-cap{color:#818a91;border:3px solid;background-color:transparent}.elementor-widget-text-editor:not(.elementor-drop-cap-view-default) .elementor-drop-cap{margin-top:8px}.elementor-widget-text-editor:not(.elementor-drop-cap-view-default) .elementor-drop-cap-letter{width:1em;height:1em}.elementor-widget-text-editor .elementor-drop-cap{float:left;text-align:center;line-height:1;font-size:50px}.elementor-widget-text-editor .elementor-drop-cap-letter{display:inline-block}<\/style>\t\t\t\t<p>Nuestro objetivo est\u00e1 en la contribuci\u00f3n para la integraci\u00f3n a la sociedad japonesa con una verdadera amistad sin importar la nacionalidad. Poder convivir en armon\u00eda con los japoneses bajo la orden y reglas del pa\u00eds receptor cuidando la propia identidad de los connacionales, latinoamericanos y sus respectivos descendientes. Para cumplir este objetivo realizamos:<\/p><ol><li>Consultor\u00eda en sistema educativo: brindar informaci\u00f3n en el idioma materno sobre el ingreso al colegio.<\/li><li>Consultor\u00eda en estudios: Brindar informaci\u00f3n y\/o realizar talleres de estudios.<\/li><li>Talleres sobre identidad: Realizar festivales culturales y clases de espa\u00f1ol.<\/li><li>Actividades para la integraci\u00f3n social: Brindar informaci\u00f3n de la municipalidad en el idioma materno.<\/li><li>Actividad de difusi\u00f3n y estimulaci\u00f3n: Publicar informaci\u00f3n en la p\u00e1gina web y medios de comunicaci\u00f3n.<\/li><li>Trabajo de apoyo para conseguir informaci\u00f3n y construcci\u00f3n de redes: Relacionarse con entidades interesadas en la convivencia con el Per\u00fa y pa\u00edses latinoamericanos.<\/li><li>Trabajo de investigaci\u00f3n: Evaluar el nivel de idioma y aconsejar a base de los resultados<\/li><li>Otras actividades que sean necesarias para cumplir nuestros objetivos.<\/li><\/ol>\t\t\t\t\t\t<\/div>\n\t\t\t\t<\/div>\n\t\t\t\t<div class=\"elementor-element elementor-element-5408216 elementor-widget elementor-widget-heading\" data-id=\"5408216\" data-element_type=\"widget\" data-widget_type=\"heading.default\">\n\t\t\t\t<div class=\"elementor-widget-container\">\n\t\t\t<h2 class=\"elementor-heading-title elementor-size-default\">\u00bfC\u00f3mo est\u00e1 conformado AJAPE?<\/h2>\t\t<\/div>\n\t\t\t\t<\/div>\n\t\t\t\t<div class=\"elementor-element elementor-element-b5153b5 elementor-widget elementor-widget-image\" data-id=\"b5153b5\" data-element_type=\"widget\" data-widget_type=\"image.default\">\n\t\t\t\t<div class=\"elementor-widget-container\">\n\t\t\t<style>\/*! elementor - v3.11.2 - 22-02-2023 *\/\n.elementor-widget-image{text-align:center}.elementor-widget-image a{display:inline-block}.elementor-widget-image a img[src$=\".svg\"]{width:48px}.elementor-widget-image img{vertical-align:middle;display:inline-block}<\/style>\t\t\t\t\t\t\t\t\t\t\t\t\t<a href=\"http:\/\/ajape.org\/webajape\/quienes-somos\/que-es-ajape\/\" target=\"_blank\">\n\t\t\t\t\t\t\t<img loading=\"lazy\" decoding=\"async\" width=\"590\" height=\"920\" src=\"https:\/\/i0.wp.com\/ajape.org\/es\/wp-content\/uploads\/2023\/02\/organigrama.jpg?fit=590%2C920&amp;ssl=1\" class=\"attachment-large size-large wp-image-276\" alt=\"\" srcset=\"https:\/\/i0.wp.com\/ajape.org\/es\/wp-content\/uploads\/2023\/02\/organigrama.jpg?w=590&amp;ssl=1 590w, https:\/\/i0.wp.com\/ajape.org\/es\/wp-content\/uploads\/2023\/02\/organigrama.jpg?resize=192%2C300&amp;ssl=1 192w\" sizes=\"auto, (max-width: 590px) 100vw, 590px\" \/>\t\t\t\t\t\t\t\t<\/a>\n\t\t\t\t\t\t\t\t\t\t\t\t\t\t\t<\/div>\n\t\t\t\t<\/div>\n\t\t\t\t\t<\/div>\n\t\t<\/div>\n\t\t\t\t\t\t\t<\/div>\n\t\t<\/section>\n\t\t\t\t\t\t\t<\/div>\n\t\t","protected":false},"excerpt":{"rendered":"<p>Qu\u00e9 es y Qu\u00e9 hace AJAPE Nuestro objetivo est\u00e1 en la contribuci\u00f3n para la integraci\u00f3n a la sociedad japonesa co &#8230; <a title=\"Que es Ajape\" class=\"read-more\" href=\"https:\/\/ajape.org\/es\/quienes-somos\/que-es-ajape\/\" aria-label=\"Read more about Que es Ajape\">\u7d9a\u304d\u3092\u8aad\u3080<\/a><\/p>\n","protected":false},"author":1,"featured_media":0,"parent":339,"menu_order":0,"comment_status":"closed","ping_status":"closed","template":"","meta":{"om_disable_all_campaigns":false,"_monsterinsights_skip_tracking":false,"_monsterinsights_sitenote_active":false,"_monsterinsights_sitenote_note":"","_monsterinsights_sitenote_category":0,"footnotes":""},"class_list":["post-274","page","type-page","status-publish"],"aioseo_notices":[],"_links":{"self":[{"href":"https:\/\/ajape.org\/es\/wp-json\/wp\/v2\/pages\/274","targetHints":{"allow":["GET"]}}],"collection":[{"href":"https:\/\/ajape.org\/es\/wp-json\/wp\/v2\/pages"}],"about":[{"href":"https:\/\/ajape.org\/es\/wp-json\/wp\/v2\/types\/page"}],"author":[{"embeddable":true,"href":"https:\/\/ajape.org\/es\/wp-json\/wp\/v2\/users\/1"}],"replies":[{"embeddable":true,"href":"https:\/\/ajape.org\/es\/wp-json\/wp\/v2\/comments?post=274"}],"version-history":[{"count":1,"href":"https:\/\/ajape.org\/es\/wp-json\/wp\/v2\/pages\/274\/revisions"}],"predecessor-version":[{"id":2093,"href":"https:\/\/ajape.org\/es\/wp-json\/wp\/v2\/pages\/274\/revisions\/2093"}],"up":[{"embeddable":true,"href":"https:\/\/ajape.org\/es\/wp-json\/wp\/v2\/pages\/339"}],"wp:attachment":[{"href":"https:\/\/ajape.org\/es\/wp-json\/wp\/v2\/media?parent=274"}],"curies":[{"name":"wp","href":"https:\/\/api.w.org\/{rel}","templated":true}]}}