{"id":255,"date":"2023-02-28T00:15:15","date_gmt":"2023-02-28T00:15:15","guid":{"rendered":"http:\/\/webajape.test\/?page_id=255"},"modified":"2024-06-11T12:34:11","modified_gmt":"2024-06-11T12:34:11","slug":"acerca-de-nosotros","status":"publish","type":"page","link":"https:\/\/ajape.org\/es\/quienes-somos\/acerca-de-nosotros\/","title":{"rendered":"Acerca de nosotros"},"content":{"rendered":"\t\t<div data-elementor-type=\"wp-page\" data-elementor-id=\"255\" class=\"elementor elementor-255\">\n\t\t\t\t\t\t\t\t\t<section class=\"elementor-section elementor-top-section elementor-element elementor-element-11c35e6 elementor-reverse-tablet elementor-reverse-mobile elementor-section-boxed elementor-section-height-default elementor-section-height-default\" data-id=\"11c35e6\" data-element_type=\"section\">\n\t\t\t\t\t\t<div class=\"elementor-container elementor-column-gap-default\">\n\t\t\t\t\t<div class=\"elementor-column elementor-col-33 elementor-top-column elementor-element elementor-element-74ed4a0\" data-id=\"74ed4a0\" data-element_type=\"column\">\n\t\t\t<div class=\"elementor-widget-wrap elementor-element-populated\">\n\t\t\t\t\t\t\t\t<div class=\"elementor-element elementor-element-366719c elementor-widget elementor-widget-template\" data-id=\"366719c\" data-element_type=\"widget\" data-widget_type=\"template.default\">\n\t\t\t\t<div class=\"elementor-widget-container\">\n\t\t\t\t\t<div class=\"elementor-template\">\n\t\t\t\t\t<div data-elementor-type=\"section\" data-elementor-id=\"105\" class=\"elementor elementor-105\">\n\t\t\t\t\t\t\t\t<section class=\"elementor-section elementor-top-section elementor-element elementor-element-502dfab elementor-section-boxed elementor-section-height-default elementor-section-height-default\" data-id=\"502dfab\" data-element_type=\"section\">\n\t\t\t\t\t\t<div class=\"elementor-container elementor-column-gap-default\">\n\t\t\t\t\t<div class=\"elementor-column elementor-col-100 elementor-top-column elementor-element elementor-element-f1f981f\" data-id=\"f1f981f\" data-element_type=\"column\">\n\t\t\t<div class=\"elementor-widget-wrap elementor-element-populated\">\n\t\t\t\t\t\t\t\t<div class=\"elementor-element elementor-element-628f6e9 elementor-widget elementor-widget-heading\" data-id=\"628f6e9\" data-element_type=\"widget\" data-widget_type=\"heading.default\">\n\t\t\t\t<div class=\"elementor-widget-container\">\n\t\t\t<style>\/*! elementor - v3.11.2 - 22-02-2023 *\/\n.elementor-heading-title{padding:0;margin:0;line-height:1}.elementor-widget-heading .elementor-heading-title[class*=elementor-size-]>a{color:inherit;font-size:inherit;line-height:inherit}.elementor-widget-heading .elementor-heading-title.elementor-size-small{font-size:15px}.elementor-widget-heading .elementor-heading-title.elementor-size-medium{font-size:19px}.elementor-widget-heading .elementor-heading-title.elementor-size-large{font-size:29px}.elementor-widget-heading .elementor-heading-title.elementor-size-xl{font-size:39px}.elementor-widget-heading .elementor-heading-title.elementor-size-xxl{font-size:59px}<\/style><h2 class=\"elementor-heading-title elementor-size-default\">Actividades destacadas<\/h2>\t\t<\/div>\n\t\t\t\t<\/div>\n\t\t\t\t<div class=\"elementor-element elementor-element-6dd4316 elementor-position-top elementor-vertical-align-top elementor-widget elementor-widget-image-box\" data-id=\"6dd4316\" data-element_type=\"widget\" data-widget_type=\"image-box.default\">\n\t\t\t\t<div class=\"elementor-widget-container\">\n\t\t\t<style>\/*! elementor - v3.11.2 - 22-02-2023 *\/\n.elementor-widget-image-box .elementor-image-box-content{width:100%}@media (min-width:768px){.elementor-widget-image-box.elementor-position-left .elementor-image-box-wrapper,.elementor-widget-image-box.elementor-position-right .elementor-image-box-wrapper{display:flex}.elementor-widget-image-box.elementor-position-right .elementor-image-box-wrapper{text-align:right;flex-direction:row-reverse}.elementor-widget-image-box.elementor-position-left .elementor-image-box-wrapper{text-align:left;flex-direction:row}.elementor-widget-image-box.elementor-position-top .elementor-image-box-img{margin:auto}.elementor-widget-image-box.elementor-vertical-align-top .elementor-image-box-wrapper{align-items:flex-start}.elementor-widget-image-box.elementor-vertical-align-middle .elementor-image-box-wrapper{align-items:center}.elementor-widget-image-box.elementor-vertical-align-bottom .elementor-image-box-wrapper{align-items:flex-end}}@media (max-width:767px){.elementor-widget-image-box .elementor-image-box-img{margin-left:auto!important;margin-right:auto!important;margin-bottom:15px}}.elementor-widget-image-box .elementor-image-box-img{display:inline-block}.elementor-widget-image-box .elementor-image-box-title a{color:inherit}.elementor-widget-image-box .elementor-image-box-wrapper{text-align:center}.elementor-widget-image-box .elementor-image-box-description{margin:0}<\/style><div class=\"elementor-image-box-wrapper\"><figure class=\"elementor-image-box-img\"><a href=\"https:\/\/ajape.org\/es\/clase-de-espanol-como-lengua-patrimonial-en-yamato-shi\/\" target=\"_blank\"><img loading=\"lazy\" decoding=\"async\" width=\"282\" height=\"280\" src=\"https:\/\/i0.wp.com\/ajape.org\/es\/wp-content\/uploads\/2023\/02\/act-1.jpg?fit=282%2C280&amp;ssl=1\" class=\"attachment-full size-full wp-image-1228\" alt=\"\" srcset=\"https:\/\/i0.wp.com\/ajape.org\/es\/wp-content\/uploads\/2023\/02\/act-1.jpg?w=282&amp;ssl=1 282w, https:\/\/i0.wp.com\/ajape.org\/es\/wp-content\/uploads\/2023\/02\/act-1.jpg?resize=150%2C150&amp;ssl=1 150w\" sizes=\"auto, (max-width: 282px) 100vw, 282px\" \/><\/a><\/figure><div class=\"elementor-image-box-content\"><h3 class=\"elementor-image-box-title\"><a href=\"https:\/\/ajape.org\/es\/clase-de-espanol-como-lengua-patrimonial-en-yamato-shi\/\" target=\"_blank\">Clase de espa\u00f1ol como lengua de herencia en Yamato-Shi<\/a><\/h3><\/div><\/div>\t\t<\/div>\n\t\t\t\t<\/div>\n\t\t\t\t<div class=\"elementor-element elementor-element-a6b6aea elementor-position-top elementor-vertical-align-top elementor-widget elementor-widget-image-box\" data-id=\"a6b6aea\" data-element_type=\"widget\" data-widget_type=\"image-box.default\">\n\t\t\t\t<div class=\"elementor-widget-container\">\n\t\t\t<div class=\"elementor-image-box-wrapper\"><figure class=\"elementor-image-box-img\"><a href=\"https:\/\/ajape.org\/es\/clases-de-apoyo-para-estudiantes-de-primaria-secundaria-y-koko\" target=\"_blank\"><img loading=\"lazy\" decoding=\"async\" width=\"282\" height=\"280\" src=\"https:\/\/i0.wp.com\/ajape.org\/es\/wp-content\/uploads\/2023\/02\/act-2.jpg?fit=282%2C280&amp;ssl=1\" class=\"attachment-medium size-medium wp-image-1229\" alt=\"\" srcset=\"https:\/\/i0.wp.com\/ajape.org\/es\/wp-content\/uploads\/2023\/02\/act-2.jpg?w=282&amp;ssl=1 282w, https:\/\/i0.wp.com\/ajape.org\/es\/wp-content\/uploads\/2023\/02\/act-2.jpg?resize=150%2C150&amp;ssl=1 150w\" sizes=\"auto, (max-width: 282px) 100vw, 282px\" \/><\/a><\/figure><div class=\"elementor-image-box-content\"><h3 class=\"elementor-image-box-title\"><a href=\"https:\/\/ajape.org\/es\/clases-de-apoyo-para-estudiantes-de-primaria-secundaria-y-koko\" target=\"_blank\">Clase de apoyo escolar en Machida-shi<\/a><\/h3><\/div><\/div>\t\t<\/div>\n\t\t\t\t<\/div>\n\t\t\t\t<div class=\"elementor-element elementor-element-5071e59 elementor-position-top elementor-vertical-align-top elementor-widget elementor-widget-image-box\" data-id=\"5071e59\" data-element_type=\"widget\" data-widget_type=\"image-box.default\">\n\t\t\t\t<div class=\"elementor-widget-container\">\n\t\t\t<div class=\"elementor-image-box-wrapper\"><figure class=\"elementor-image-box-img\"><a href=\"https:\/\/ajape.org\/es\/wp-content\/uploads\/2023\/08\/%E3%83%95%E3%82%A1%E3%82%A4%E3%83%AB-2023.07.31-2.pdf\" target=\"_blank\"><img loading=\"lazy\" decoding=\"async\" width=\"282\" height=\"280\" src=\"https:\/\/i0.wp.com\/ajape.org\/es\/wp-content\/uploads\/2023\/02\/act-1.jpg?fit=282%2C280&amp;ssl=1\" class=\"attachment-full size-full wp-image-1228\" alt=\"\" srcset=\"https:\/\/i0.wp.com\/ajape.org\/es\/wp-content\/uploads\/2023\/02\/act-1.jpg?w=282&amp;ssl=1 282w, https:\/\/i0.wp.com\/ajape.org\/es\/wp-content\/uploads\/2023\/02\/act-1.jpg?resize=150%2C150&amp;ssl=1 150w\" sizes=\"auto, (max-width: 282px) 100vw, 282px\" \/><\/a><\/figure><div class=\"elementor-image-box-content\"><h3 class=\"elementor-image-box-title\"><a href=\"https:\/\/ajape.org\/es\/wp-content\/uploads\/2023\/08\/%E3%83%95%E3%82%A1%E3%82%A4%E3%83%AB-2023.07.31-2.pdf\" target=\"_blank\">Apoyo para las tareas de vacaciones de verano<\/a><\/h3><\/div><\/div>\t\t<\/div>\n\t\t\t\t<\/div>\n\t\t\t\t\t<\/div>\n\t\t<\/div>\n\t\t\t\t\t\t\t<\/div>\n\t\t<\/section>\n\t\t\t\t\t\t<\/div>\n\t\t\t\t<\/div>\n\t\t\t\t<\/div>\n\t\t\t\t<\/div>\n\t\t\t\t\t<\/div>\n\t\t<\/div>\n\t\t\t\t<div class=\"elementor-column elementor-col-66 elementor-top-column elementor-element elementor-element-2724c4f\" data-id=\"2724c4f\" data-element_type=\"column\">\n\t\t\t<div class=\"elementor-widget-wrap elementor-element-populated\">\n\t\t\t\t\t\t\t\t<div class=\"elementor-element elementor-element-fde4e51 elementor-widget elementor-widget-heading\" data-id=\"fde4e51\" data-element_type=\"widget\" data-widget_type=\"heading.default\">\n\t\t\t\t<div class=\"elementor-widget-container\">\n\t\t\t<h2 class=\"elementor-heading-title elementor-size-default\">HISTORIA DE AJAPE<br><\/h2>\t\t<\/div>\n\t\t\t\t<\/div>\n\t\t\t\t<div class=\"elementor-element elementor-element-cc28b08 elementor-widget elementor-widget-text-editor\" data-id=\"cc28b08\" data-element_type=\"widget\" data-widget_type=\"text-editor.default\">\n\t\t\t\t<div class=\"elementor-widget-container\">\n\t\t\t<style>\/*! elementor - v3.11.2 - 22-02-2023 *\/\n.elementor-widget-text-editor.elementor-drop-cap-view-stacked .elementor-drop-cap{background-color:#818a91;color:#fff}.elementor-widget-text-editor.elementor-drop-cap-view-framed .elementor-drop-cap{color:#818a91;border:3px solid;background-color:transparent}.elementor-widget-text-editor:not(.elementor-drop-cap-view-default) .elementor-drop-cap{margin-top:8px}.elementor-widget-text-editor:not(.elementor-drop-cap-view-default) .elementor-drop-cap-letter{width:1em;height:1em}.elementor-widget-text-editor .elementor-drop-cap{float:left;text-align:center;line-height:1;font-size:50px}.elementor-widget-text-editor .elementor-drop-cap-letter{display:inline-block}<\/style>\t\t\t\t<p>Corr\u00eda el a\u00f1o 1999 occidental, a\u00f1o 11 de la era Heisei en el calendario japon\u00e9s, y se hab\u00edan cumplido 100 a\u00f1os de relaciones entre los pa\u00edses de Per\u00fa y Jap\u00f3n. Posteriormente esa migraci\u00f3n se revertir\u00eda, y desde hace 14 a\u00f1os para adelante, los descendientes de esos inmigrantes y peruanos en general viajar\u00edan a Jap\u00f3n, unos a la tierra de sus antepasados al reencuentro de sus ra\u00edces; otros en busca de la so\u00f1ada prosperidad econ\u00f3mica que hasta el momento no hab\u00edan podido encontrar.<\/p><p>\u00a0Por una u otra raz\u00f3n, los peruanos se fueron quedando en Jap\u00f3n, tal como lo hicieron los japoneses 100 a\u00f1os antes en Per\u00fa. Y el tiempo fue pasando, y comenzaron a echar ra\u00edces; algunos se casaron, empezaron los hijos, y el retorno se ha ido postergando una y otra vez. \u00a0Hoy en d\u00eda, la colonia peruana es la m\u00e1s numerosa de todas las colonias hispanohablantes en Jap\u00f3n. Sin embargo, seguimos teniendo problema de adaptaci\u00f3n en la sociedad japonesa no solo por factores externos sino tambi\u00e9n internos que nosotros mismo hemos descuidado.<\/p><p>\u00a0Ante esta perspectiva, algunos compatriotas se unieron e iniciaron la creaci\u00f3n de grupos culturales, art\u00edsticos y de diversa \u00edndole. As\u00ed en 1994, por iniciativa de la Consulado del Per\u00fa se creaba un grupo formado por intelectuales peruanos radicados en Jap\u00f3n, para impulsar las relaciones culturales y mejorar los est\u00e1ndares de vida de la colonia. Hasta el momento no exist\u00eda ninguna asociaci\u00f3n creada por peruanos de diverso origen \u00e9tnico, de diverso pasado cultural, de diferentes partes del Per\u00fa, ac\u00e1 en Jap\u00f3n. Tampoco exist\u00eda una Instituci\u00f3n que se preocupara por los problemas de la comunidad, por mejorar la calidad de vida de sus integrantes y su cultura.<\/p><p>\u00a0Fue por iniciativa de excelentes compatriotas, que un grupo de peruanos de diverso origen y trabajando en diferentes estratos de la Sociedad Japonesa, decide formar un 14 de agosto de 1999, la Asociaci\u00f3n Peruano-Japonesa, y decide usar siglas APEJA como nombre de la Asociaci\u00f3n cual hasta la actualidad continua con sus actividades. Esta Instituci\u00f3n en la actualidad es conocida como Asociaci\u00f3n Japones-Peruana para la Integraci\u00f3n, y lleva las siglas de AJAPE.<\/p><p>*Texto extra\u00eddo del primer bolet\u00edn de la instituci\u00f3n publicado en el 2001y modificado para su publicaci\u00f3n<\/p>\t\t\t\t\t\t<\/div>\n\t\t\t\t<\/div>\n\t\t\t\t<div class=\"elementor-element elementor-element-7efe674 elementor-widget elementor-widget-heading\" data-id=\"7efe674\" data-element_type=\"widget\" data-widget_type=\"heading.default\">\n\t\t\t\t<div class=\"elementor-widget-container\">\n\t\t\t<h2 class=\"elementor-heading-title elementor-size-default\">FECHAS IMPORTANTES<\/h2>\t\t<\/div>\n\t\t\t\t<\/div>\n\t\t\t\t<div class=\"elementor-element elementor-element-8eeff49 elementor-widget elementor-widget-text-editor\" data-id=\"8eeff49\" data-element_type=\"widget\" data-widget_type=\"text-editor.default\">\n\t\t\t\t<div class=\"elementor-widget-container\">\n\t\t\t\t\t\t\t<p><strong>1994<br \/><\/strong>El grupo predecesor a APEJA es formada por voluntarios peruanos<\/p>\t\t\t\t\t\t<\/div>\n\t\t\t\t<\/div>\n\t\t\t\t<div class=\"elementor-element elementor-element-aa970a1 elementor-widget elementor-widget-text-editor\" data-id=\"aa970a1\" data-element_type=\"widget\" data-widget_type=\"text-editor.default\">\n\t\t\t\t<div class=\"elementor-widget-container\">\n\t\t\t\t\t\t\t<p><strong>14 de agosto de 1999 <br \/><\/strong>Nace la Asociaci\u00f3n Peruano Japones como grupo volutanrio<\/p>\t\t\t\t\t\t<\/div>\n\t\t\t\t<\/div>\n\t\t\t\t<div class=\"elementor-element elementor-element-ecf2677 elementor-widget elementor-widget-text-editor\" data-id=\"ecf2677\" data-element_type=\"widget\" data-widget_type=\"text-editor.default\">\n\t\t\t\t<div class=\"elementor-widget-container\">\n\t\t\t\t\t\t\t<p><strong>Octubre de 2005<\/strong> <br \/>El directorio aprueba el cambio de status de la Asociaci\u00f3n como Persona Jur\u00eddica y modifica el nombre como Asociaci\u00f3n Japon\u00e9s Peruana para la Integraci\u00f3n<\/p>\t\t\t\t\t\t<\/div>\n\t\t\t\t<\/div>\n\t\t\t\t<div class=\"elementor-element elementor-element-28ee8eb elementor-widget elementor-widget-text-editor\" data-id=\"28ee8eb\" data-element_type=\"widget\" data-widget_type=\"text-editor.default\">\n\t\t\t\t<div class=\"elementor-widget-container\">\n\t\t\t\t\t\t\t<p><strong>Julio de 2006<\/strong> <br \/>El gobierno metropolitano de Tokyo otorga la certificaci\u00f3n de entidad jur\u00eddica sin fines de lucro especificada y culmina su registro en agosto<\/p>\t\t\t\t\t\t<\/div>\n\t\t\t\t<\/div>\n\t\t\t\t<div class=\"elementor-element elementor-element-3c537ec elementor-widget elementor-widget-text-editor\" data-id=\"3c537ec\" data-element_type=\"widget\" data-widget_type=\"text-editor.default\">\n\t\t\t\t<div class=\"elementor-widget-container\">\n\t\t\t\t\t\t\t<p><strong>Julio de 2016<\/strong> <br \/>El directorio aprueba la fundaci\u00f3n de una sucursal en la prefectura de Kanagawa<\/p>\t\t\t\t\t\t<\/div>\n\t\t\t\t<\/div>\n\t\t\t\t<div class=\"elementor-element elementor-element-99cbce6 elementor-widget elementor-widget-text-editor\" data-id=\"99cbce6\" data-element_type=\"widget\" data-widget_type=\"text-editor.default\">\n\t\t\t\t<div class=\"elementor-widget-container\">\n\t\t\t\t\t\t\t<p><strong>Marzo de 2017<\/strong> <br \/>El gobierno regional de Kanagawa otorga la certificaci\u00f3n de entidad jur\u00eddica sin fines de lucro especificada a la sucursal de Kanagawa<\/p>\t\t\t\t\t\t<\/div>\n\t\t\t\t<\/div>\n\t\t\t\t<div class=\"elementor-element elementor-element-6768648 elementor-widget elementor-widget-text-editor\" data-id=\"6768648\" data-element_type=\"widget\" data-widget_type=\"text-editor.default\">\n\t\t\t\t<div class=\"elementor-widget-container\">\n\t\t\t\t\t\t\t<p><strong>Agosto de 2019<\/strong> <br \/>Se celebra los 20 a\u00f1os de la fundaci\u00f3n de AJAPE<\/p>\t\t\t\t\t\t<\/div>\n\t\t\t\t<\/div>\n\t\t\t\t\t<\/div>\n\t\t<\/div>\n\t\t\t\t\t\t\t<\/div>\n\t\t<\/section>\n\t\t\t\t\t\t\t<\/div>\n\t\t","protected":false},"excerpt":{"rendered":"<p>HISTORIA DE AJAPE Corr\u00eda el a\u00f1o 1999 occidental, a\u00f1o 11 de la era Heisei en el calendario japon\u00e9s, y se hab\u00edan &#8230; <a title=\"Acerca de nosotros\" class=\"read-more\" href=\"https:\/\/ajape.org\/es\/quienes-somos\/acerca-de-nosotros\/\" aria-label=\"Read more about Acerca de nosotros\">\u7d9a\u304d\u3092\u8aad\u3080<\/a><\/p>\n","protected":false},"author":1,"featured_media":0,"parent":339,"menu_order":0,"comment_status":"closed","ping_status":"closed","template":"","meta":{"om_disable_all_campaigns":false,"_monsterinsights_skip_tracking":false,"_monsterinsights_sitenote_active":false,"_monsterinsights_sitenote_note":"","_monsterinsights_sitenote_category":0,"footnotes":""},"class_list":["post-255","page","type-page","status-publish"],"aioseo_notices":[],"_links":{"self":[{"href":"https:\/\/ajape.org\/es\/wp-json\/wp\/v2\/pages\/255","targetHints":{"allow":["GET"]}}],"collection":[{"href":"https:\/\/ajape.org\/es\/wp-json\/wp\/v2\/pages"}],"about":[{"href":"https:\/\/ajape.org\/es\/wp-json\/wp\/v2\/types\/page"}],"author":[{"embeddable":true,"href":"https:\/\/ajape.org\/es\/wp-json\/wp\/v2\/users\/1"}],"replies":[{"embeddable":true,"href":"https:\/\/ajape.org\/es\/wp-json\/wp\/v2\/comments?post=255"}],"version-history":[{"count":4,"href":"https:\/\/ajape.org\/es\/wp-json\/wp\/v2\/pages\/255\/revisions"}],"predecessor-version":[{"id":2090,"href":"https:\/\/ajape.org\/es\/wp-json\/wp\/v2\/pages\/255\/revisions\/2090"}],"up":[{"embeddable":true,"href":"https:\/\/ajape.org\/es\/wp-json\/wp\/v2\/pages\/339"}],"wp:attachment":[{"href":"https:\/\/ajape.org\/es\/wp-json\/wp\/v2\/media?parent=255"}],"curies":[{"name":"wp","href":"https:\/\/api.w.org\/{rel}","templated":true}]}}