{"id":1480,"date":"2023-04-22T04:55:30","date_gmt":"2023-04-22T04:55:30","guid":{"rendered":"http:\/\/ajape.org\/es\/?page_id=1480"},"modified":"2024-06-11T12:44:52","modified_gmt":"2024-06-11T12:44:52","slug":"clase-de-espanol-como-lengua-patrimonial-en-yamato-shi","status":"publish","type":"page","link":"https:\/\/ajape.org\/es\/clase-de-espanol-como-lengua-patrimonial-en-yamato-shi\/","title":{"rendered":"Clase de espa\u00f1ol como lengua patrimonial en Yamato-shi"},"content":{"rendered":"\n<p>Realizamos clase de espa\u00f1ol como lengua patrimonial para aquellas personas que deseen conservar y\/o que deseen que sus hijos conserven el espa\u00f1ol para poder mantener su identidad y la cultura de sus ra\u00edces. Este curso tambi\u00e9n es dirigido para personas que deseen estudiar el espa\u00f1ol como segunda lengua.<\/p>\n\n\n\n<p><a href=\"https:\/\/ajape.org\/es\/wp-content\/uploads\/2023\/04\/Espanol.pdf\" target=\"_blank\" rel=\"noreferrer noopener\">Para m\u00e1s informaci\u00f3n<\/a><\/p>\n\n\n\n<p><a href=\"https:\/\/ajape.org\/es\/wp-content\/uploads\/2023\/04\/\u3010\u30ab\u30ec\u30f3\u30c0\u30fc\u30112023\u5e74\u5ea6\u7d99\u627f\u30b9\u30da\u30a4\u30f3\u8a9e\u6559\u5ba4\u6848\u5185.pdf\" target=\"_blank\" rel=\"noreferrer noopener\">Calendario de clases<\/a><\/p>\n","protected":false},"excerpt":{"rendered":"<p>Realizamos clase de espa\u00f1ol como lengua patrimonial para aquellas personas que deseen conservar y\/o que deseen &#8230; <a title=\"Clase de espa\u00f1ol como lengua patrimonial en Yamato-shi\" class=\"read-more\" href=\"https:\/\/ajape.org\/es\/clase-de-espanol-como-lengua-patrimonial-en-yamato-shi\/\" aria-label=\"Read more about Clase de espa\u00f1ol como lengua patrimonial en Yamato-shi\">\u7d9a\u304d\u3092\u8aad\u3080<\/a><\/p>\n","protected":false},"author":1,"featured_media":0,"parent":0,"menu_order":0,"comment_status":"closed","ping_status":"closed","template":"","meta":{"om_disable_all_campaigns":false,"_monsterinsights_skip_tracking":false,"_monsterinsights_sitenote_active":false,"_monsterinsights_sitenote_note":"","_monsterinsights_sitenote_category":0,"footnotes":""},"class_list":["post-1480","page","type-page","status-publish"],"aioseo_notices":[],"_links":{"self":[{"href":"https:\/\/ajape.org\/es\/wp-json\/wp\/v2\/pages\/1480","targetHints":{"allow":["GET"]}}],"collection":[{"href":"https:\/\/ajape.org\/es\/wp-json\/wp\/v2\/pages"}],"about":[{"href":"https:\/\/ajape.org\/es\/wp-json\/wp\/v2\/types\/page"}],"author":[{"embeddable":true,"href":"https:\/\/ajape.org\/es\/wp-json\/wp\/v2\/users\/1"}],"replies":[{"embeddable":true,"href":"https:\/\/ajape.org\/es\/wp-json\/wp\/v2\/comments?post=1480"}],"version-history":[{"count":1,"href":"https:\/\/ajape.org\/es\/wp-json\/wp\/v2\/pages\/1480\/revisions"}],"predecessor-version":[{"id":2100,"href":"https:\/\/ajape.org\/es\/wp-json\/wp\/v2\/pages\/1480\/revisions\/2100"}],"wp:attachment":[{"href":"https:\/\/ajape.org\/es\/wp-json\/wp\/v2\/media?parent=1480"}],"curies":[{"name":"wp","href":"https:\/\/api.w.org\/{rel}","templated":true}]}}